{"id":7072,"date":"2026-01-27T11:00:39","date_gmt":"2026-01-27T10:00:39","guid":{"rendered":"https:\/\/rubean.com\/?page_id=7072"},"modified":"2026-02-19T12:38:55","modified_gmt":"2026-02-19T11:38:55","slug":"backup-pos","status":"publish","type":"page","link":"https:\/\/rubean.com\/de\/backup-pos\/","title":{"rendered":"Backup pos"},"content":{"rendered":"<div data-elementor-type=\"wp-page\" data-elementor-id=\"7072\" class=\"elementor elementor-7072\" data-elementor-post-type=\"page\">\n\t\t\t\t<div class=\"elementor-element elementor-element-4090572 e-con-full e-flex e-con e-parent\" data-id=\"4090572\" data-element_type=\"container\" data-e-type=\"container\" data-settings=\"{&quot;background_background&quot;:&quot;classic&quot;}\">\n\t\t<div class=\"elementor-element elementor-element-2f630de e-flex e-con-boxed e-con e-child\" data-id=\"2f630de\" data-element_type=\"container\" data-e-type=\"container\" data-settings=\"{&quot;background_background&quot;:&quot;classic&quot;,&quot;shape_divider_bottom&quot;:&quot;waves&quot;}\">\n\t\t\t\t\t<div class=\"e-con-inner\">\n\t\t\t\t<div class=\"elementor-shape elementor-shape-bottom\" aria-hidden=\"true\" data-negative=\"false\">\n\t\t\t<svg xmlns=\"http:\/\/www.w3.org\/2000\/svg\" viewbox=\"0 0 1000 100\" preserveaspectratio=\"none\">\n\t<path class=\"elementor-shape-fill\" d=\"M421.9,6.5c22.6-2.5,51.5,0.4,75.5,5.3c23.6,4.9,70.9,23.5,100.5,35.7c75.8,32.2,133.7,44.5,192.6,49.7\tc23.6,2.1,48.7,3.5,103.4-2.5c54.7-6,106.2-25.6,106.2-25.6V0H0v30.3c0,0,72,32.6,158.4,30.5c39.2-0.7,92.8-6.7,134-22.4\tc21.2-8.1,52.2-18.2,79.7-24.2C399.3,7.9,411.6,7.5,421.9,6.5z\"\/>\n<\/svg>\t\t<\/div>\n\t\t<div class=\"elementor-element elementor-element-18d738b e-con-full e-flex e-con e-child\" data-id=\"18d738b\" data-element_type=\"container\" data-e-type=\"container\">\n\t\t\t\t<div class=\"elementor-element elementor-element-1d46847 elementor-widget-tablet__width-inherit elementor-widget-mobile__width-inherit elementor-widget elementor-widget-heading\" data-id=\"1d46847\" data-element_type=\"widget\" data-e-type=\"widget\" data-widget_type=\"heading.default\">\n\t\t\t\t<div class=\"elementor-widget-container\">\n\t\t\t\t\t<h1 class=\"elementor-heading-title elementor-size-default\">Backup-Kasse<\/h1>\t\t\t\t<\/div>\n\t\t\t\t<\/div>\n\t\t\t\t<\/div>\n\t\t\t\t\t<\/div>\n\t\t\t\t<\/div>\n\t\t\t\t<\/div>\n\t\t<div class=\"elementor-element elementor-element-eff4279 e-flex e-con-boxed e-con e-parent\" data-id=\"eff4279\" data-element_type=\"container\" data-e-type=\"container\" data-settings=\"{&quot;background_background&quot;:&quot;classic&quot;}\">\n\t\t\t\t\t<div class=\"e-con-inner\">\n\t\t<div class=\"elementor-element elementor-element-000e0cc e-con-full e-flex e-con e-child\" data-id=\"000e0cc\" data-element_type=\"container\" data-e-type=\"container\" data-settings=\"{&quot;background_background&quot;:&quot;classic&quot;}\">\n\t\t\t\t<div class=\"elementor-element elementor-element-e9c5fa4 elementor-widget elementor-widget-image\" data-id=\"e9c5fa4\" data-element_type=\"widget\" data-e-type=\"widget\" data-widget_type=\"image.default\">\n\t\t\t\t<div class=\"elementor-widget-container\">\n\t\t\t\t\t\t\t\t\t\t\t\t\t\t\t<img fetchpriority=\"high\" decoding=\"async\" width=\"960\" height=\"541\" src=\"https:\/\/rubean.com\/wp-content\/uploads\/2026\/01\/Blackout_Spain_2025.jpg\" class=\"attachment-full size-full wp-image-6939\" alt=\"Blackout_Spain_2025\" srcset=\"https:\/\/rubean.com\/wp-content\/uploads\/2026\/01\/Blackout_Spain_2025.jpg 960w, https:\/\/rubean.com\/wp-content\/uploads\/2026\/01\/Blackout_Spain_2025-300x169.jpg 300w, https:\/\/rubean.com\/wp-content\/uploads\/2026\/01\/Blackout_Spain_2025-768x433.jpg 768w, https:\/\/rubean.com\/wp-content\/uploads\/2026\/01\/Blackout_Spain_2025-18x10.jpg 18w\" sizes=\"(max-width: 960px) 100vw, 960px\" \/>\t\t\t\t\t\t\t\t\t\t\t\t\t\t\t<\/div>\n\t\t\t\t<\/div>\n\t\t\t\t<\/div>\n\t\t<div class=\"elementor-element elementor-element-323e788 e-con-full e-flex e-con e-child\" data-id=\"323e788\" data-element_type=\"container\" data-e-type=\"container\">\n\t\t\t\t<div class=\"elementor-element elementor-element-607b6a5 elementor-widget elementor-widget-heading\" data-id=\"607b6a5\" data-element_type=\"widget\" data-e-type=\"widget\" data-widget_type=\"heading.default\">\n\t\t\t\t<div class=\"elementor-widget-container\">\n\t\t\t\t\t<h2 class=\"elementor-heading-title elementor-size-default\">Backup-Kasse \n<\/h2>\t\t\t\t<\/div>\n\t\t\t\t<\/div>\n\t\t\t\t<div class=\"elementor-element elementor-element-9bb55ea elementor-widget elementor-widget-text-editor\" data-id=\"9bb55ea\" data-element_type=\"widget\" data-e-type=\"widget\" data-widget_type=\"text-editor.default\">\n\t\t\t\t<div class=\"elementor-widget-container\">\n\t\t\t\t\t\t\t\t\tIm Durchschnitt ist jedes Unternehmen j\u00e4hrlich mit 240 Minuten Zahlungsausf\u00e4llen konfrontiert. Wir haben die L\u00f6sung: Rubean Backup POS.Unsere L\u00f6sung funktioniert v\u00f6llig unabh\u00e4ngig vom \u00fcblichen Kassensystem des Gesch\u00e4fts und unterst\u00fctzt auch Sonderverk\u00e4ufe wie das Aufl\u00f6sen von Warteschlangen an der Kasse oder Verk\u00e4ufe vor dem Gesch\u00e4ft\t\t\t\t\t\t\t\t<\/div>\n\t\t\t\t<\/div>\n\t\t\t\t<div class=\"elementor-element elementor-element-77e3617 elementor-icon-list--layout-traditional elementor-list-item-link-full_width elementor-widget elementor-widget-icon-list\" data-id=\"77e3617\" data-element_type=\"widget\" data-e-type=\"widget\" data-widget_type=\"icon-list.default\">\n\t\t\t\t<div class=\"elementor-widget-container\">\n\t\t\t\t\t\t\t<ul class=\"elementor-icon-list-items\">\n\t\t\t\t\t\t\t<li class=\"elementor-icon-list-item\">\n\t\t\t\t\t\t\t\t\t\t\t<span class=\"elementor-icon-list-icon\">\n\t\t\t\t\t\t\t<i aria-hidden=\"true\" class=\"fas fa-dot-circle\"><\/i>\t\t\t\t\t\t<\/span>\n\t\t\t\t\t\t\t\t\t\t<span class=\"elementor-icon-list-text\">Verwenden Sie vorhandene oder neue Handhelds mit Barcode-Scanner<\/span>\n\t\t\t\t\t\t\t\t\t<\/li>\n\t\t\t\t\t\t\t\t<li class=\"elementor-icon-list-item\">\n\t\t\t\t\t\t\t\t\t\t\t<span class=\"elementor-icon-list-icon\">\n\t\t\t\t\t\t\t<i aria-hidden=\"true\" class=\"fas fa-dot-circle\"><\/i>\t\t\t\t\t\t<\/span>\n\t\t\t\t\t\t\t\t\t\t<span class=\"elementor-icon-list-text\">Immer online mit separater 5G-Verbindung pro Handheld<\/span>\n\t\t\t\t\t\t\t\t\t<\/li>\n\t\t\t\t\t\t\t\t<li class=\"elementor-icon-list-item\">\n\t\t\t\t\t\t\t\t\t\t\t<span class=\"elementor-icon-list-icon\">\n\t\t\t\t\t\t\t<i aria-hidden=\"true\" class=\"fas fa-dot-circle\"><\/i>\t\t\t\t\t\t<\/span>\n\t\t\t\t\t\t\t\t\t\t<span class=\"elementor-icon-list-text\">Kundenbelege \u2013 digital oder \u00fcber mobilen Drucker<\/span>\n\t\t\t\t\t\t\t\t\t<\/li>\n\t\t\t\t\t\t\t\t<li class=\"elementor-icon-list-item\">\n\t\t\t\t\t\t\t\t\t\t\t<span class=\"elementor-icon-list-icon\">\n\t\t\t\t\t\t\t<i aria-hidden=\"true\" class=\"fas fa-dot-circle\"><\/i>\t\t\t\t\t\t<\/span>\n\t\t\t\t\t\t\t\t\t\t<span class=\"elementor-icon-list-text\">Verbunden mit Ihrem Warenwirtschaftssystem mit n\u00e4chtlichen Aktualisierungen des Produktkatalogs <\/span>\n\t\t\t\t\t\t\t\t\t<\/li>\n\t\t\t\t\t\t\t\t<li class=\"elementor-icon-list-item\">\n\t\t\t\t\t\t\t\t\t\t\t<span class=\"elementor-icon-list-icon\">\n\t\t\t\t\t\t\t<i aria-hidden=\"true\" class=\"fas fa-dot-circle\"><\/i>\t\t\t\t\t\t<\/span>\n\t\t\t\t\t\t\t\t\t\t<span class=\"elementor-icon-list-text\">Vollst\u00e4ndig fiskalisiert<\/span>\n\t\t\t\t\t\t\t\t\t<\/li>\n\t\t\t\t\t\t<\/ul>\n\t\t\t\t\t\t<\/div>\n\t\t\t\t<\/div>\n\t\t<div class=\"elementor-element elementor-element-c9a08a2 e-grid e-con-full e-con e-child\" data-id=\"c9a08a2\" data-element_type=\"container\" data-e-type=\"container\">\n\t\t\t\t<div class=\"elementor-element elementor-element-297c2ac elementor-widget elementor-widget-image\" data-id=\"297c2ac\" data-element_type=\"widget\" data-e-type=\"widget\" data-widget_type=\"image.default\">\n\t\t\t\t<div class=\"elementor-widget-container\">\n\t\t\t\t\t\t\t\t\t\t\t\t\t\t\t<img decoding=\"async\" width=\"166\" height=\"72\" src=\"https:\/\/rubean.com\/wp-content\/uploads\/2026\/01\/Use-Case_8_Zebra-logo.png\" class=\"attachment-large size-large wp-image-4314\" alt=\"\" srcset=\"https:\/\/rubean.com\/wp-content\/uploads\/2026\/01\/Use-Case_8_Zebra-logo.png 166w, https:\/\/rubean.com\/wp-content\/uploads\/2026\/01\/Use-Case_8_Zebra-logo-18x8.png 18w\" sizes=\"(max-width: 166px) 100vw, 166px\" \/>\t\t\t\t\t\t\t\t\t\t\t\t\t\t\t<\/div>\n\t\t\t\t<\/div>\n\t\t\t\t<div class=\"elementor-element elementor-element-1151575 elementor-widget elementor-widget-image\" data-id=\"1151575\" data-element_type=\"widget\" data-e-type=\"widget\" data-widget_type=\"image.default\">\n\t\t\t\t<div class=\"elementor-widget-container\">\n\t\t\t\t\t\t\t\t\t\t\t\t\t\t\t<img decoding=\"async\" width=\"151\" height=\"97\" src=\"https:\/\/rubean.com\/wp-content\/uploads\/2026\/01\/Fiserv-logo.jpg\" class=\"attachment-large size-large wp-image-4274\" alt=\"\" srcset=\"https:\/\/rubean.com\/wp-content\/uploads\/2026\/01\/Fiserv-logo.jpg 151w, https:\/\/rubean.com\/wp-content\/uploads\/2026\/01\/Fiserv-logo-18x12.jpg 18w\" sizes=\"(max-width: 151px) 100vw, 151px\" \/>\t\t\t\t\t\t\t\t\t\t\t\t\t\t\t<\/div>\n\t\t\t\t<\/div>\n\t\t\t\t<\/div>\n\t\t\t\t<\/div>\n\t\t\t\t\t<\/div>\n\t\t\t\t<\/div>\n\t\t<div class=\"elementor-element elementor-element-4076b38 e-flex e-con-boxed e-con e-parent\" data-id=\"4076b38\" data-element_type=\"container\" data-e-type=\"container\">\n\t\t\t\t\t<div class=\"e-con-inner\">\n\t\t\t\t<div class=\"elementor-element elementor-element-af4adec elementor-widget elementor-widget-video\" data-id=\"af4adec\" data-element_type=\"widget\" data-e-type=\"widget\" data-settings=\"{&quot;video_type&quot;:&quot;hosted&quot;,&quot;controls&quot;:&quot;yes&quot;}\" data-widget_type=\"video.default\">\n\t\t\t\t<div class=\"elementor-widget-container\">\n\t\t\t\t\t\t\t<div class=\"e-hosted-video elementor-wrapper elementor-open-inline\">\n\t\t\t\t\t<video class=\"elementor-video\" src=\"https:\/\/rubean.com\/wp-content\/uploads\/2026\/02\/Rubean-BackUp-POS-german-Post-sound-edit-16to9-1.mp4\" controls=\"\" preload=\"metadata\" controlslist=\"nodownload\"><\/video>\n\t\t\t\t<\/div>\n\t\t\t\t\t\t<\/div>\n\t\t\t\t<\/div>\n\t\t\t\t\t<\/div>\n\t\t\t\t<\/div>\n\t\t<div class=\"elementor-element elementor-element-d50a487 e-con-full e-flex e-con e-parent\" data-id=\"d50a487\" data-element_type=\"container\" data-e-type=\"container\">\n\t\t\t\t<div class=\"elementor-element elementor-element-35bd99e elementor-widget elementor-widget-shortcode\" data-id=\"35bd99e\" data-element_type=\"widget\" data-e-type=\"widget\" data-widget_type=\"shortcode.default\">\n\t\t\t\t<div class=\"elementor-widget-container\">\n\t\t\t\t\t\t\t<div class=\"elementor-shortcode\">\t\t<div data-elementor-type=\"section\" data-elementor-id=\"6854\" class=\"elementor elementor-6854\" data-elementor-post-type=\"elementor_library\">\n\t\t\t<div class=\"elementor-element elementor-element-c1bd3ee e-flex e-con-boxed e-con e-parent\" data-id=\"c1bd3ee\" data-element_type=\"container\" data-e-type=\"container\" data-settings=\"{&quot;background_background&quot;:&quot;classic&quot;}\">\n\t\t\t\t\t<div class=\"e-con-inner\">\n\t\t<div class=\"elementor-element elementor-element-aacad2e e-con-full e-flex e-con e-child\" data-id=\"aacad2e\" data-element_type=\"container\" data-e-type=\"container\">\n\t\t\t\t<div class=\"elementor-element elementor-element-f67c2e1 elementor-widget elementor-widget-heading\" data-id=\"f67c2e1\" data-element_type=\"widget\" data-e-type=\"widget\" data-widget_type=\"heading.default\">\n\t\t\t\t<div class=\"elementor-widget-container\">\n\t\t\t\t\t<h4 class=\"elementor-heading-title elementor-size-default\">St\u00e4rken Sie Ihr Unternehmen mit nahtlosen digitalen Zahlungsl\u00f6sungen<\/h4>\t\t\t\t<\/div>\n\t\t\t\t<\/div>\n\t\t\t\t<div class=\"elementor-element elementor-element-9a81a56 elementor-widget-divider--view-line elementor-widget elementor-widget-divider\" data-id=\"9a81a56\" data-element_type=\"widget\" data-e-type=\"widget\" data-widget_type=\"divider.default\">\n\t\t\t\t<div class=\"elementor-widget-container\">\n\t\t\t\t\t\t\t<div class=\"elementor-divider\">\n\t\t\t<span class=\"elementor-divider-separator\">\n\t\t\t\t\t\t<\/span>\n\t\t<\/div>\n\t\t\t\t\t\t<\/div>\n\t\t\t\t<\/div>\n\t\t\t\t<div class=\"elementor-element elementor-element-ad9693d elementor-widget elementor-widget-text-editor\" data-id=\"ad9693d\" data-element_type=\"widget\" data-e-type=\"widget\" data-widget_type=\"text-editor.default\">\n\t\t\t\t<div class=\"elementor-widget-container\">\n\t\t\t\t\t\t\t\t\t<p>Erfahren Sie, wie unsere innovativen digitalen Zahlungsl\u00f6sungen Ihr Unternehmen ver\u00e4ndern k\u00f6nnen. Ganz gleich, ob Sie detaillierte Informationen ben\u00f6tigen, unsere App ausprobieren oder mit uns in Kontakt treten m\u00f6chten - wir sind f\u00fcr Sie da, um sichere und einfache Zahlungen f\u00fcr alle und \u00fcberall zu erm\u00f6glichen.<\/p>\t\t\t\t\t\t\t\t<\/div>\n\t\t\t\t<\/div>\n\t\t\t\t<\/div>\n\t\t<div class=\"elementor-element elementor-element-a869cd2 e-con-full e-flex e-con e-child\" data-id=\"a869cd2\" data-element_type=\"container\" data-e-type=\"container\">\n\t\t<div class=\"elementor-element elementor-element-317ed25 e-con-full e-flex e-con e-child\" data-id=\"317ed25\" data-element_type=\"container\" data-e-type=\"container\">\n\t\t<div class=\"elementor-element elementor-element-6dc8c4b e-con-full e-flex e-con e-child\" data-id=\"6dc8c4b\" data-element_type=\"container\" data-e-type=\"container\" data-settings=\"{&quot;background_background&quot;:&quot;classic&quot;}\">\n\t\t\t\t<div class=\"elementor-element elementor-element-7305287 elementor-widget elementor-widget-heading\" data-id=\"7305287\" data-element_type=\"widget\" data-e-type=\"widget\" data-widget_type=\"heading.default\">\n\t\t\t\t<div class=\"elementor-widget-container\">\n\t\t\t\t\t<h6 class=\"elementor-heading-title elementor-size-default\">F\u00fcr Interessenten<\/h6>\t\t\t\t<\/div>\n\t\t\t\t<\/div>\n\t\t<div class=\"elementor-element elementor-element-6148439 e-con-full e-flex e-con e-child\" data-id=\"6148439\" data-element_type=\"container\" data-e-type=\"container\">\n\t\t<div class=\"elementor-element elementor-element-8258f16 e-con-full e-flex e-con e-child\" data-id=\"8258f16\" data-element_type=\"container\" data-e-type=\"container\" data-settings=\"{&quot;background_background&quot;:&quot;classic&quot;}\">\n\t\t\t\t<div class=\"elementor-element elementor-element-7a18815 elementor-widget elementor-widget-text-editor\" data-id=\"7a18815\" data-element_type=\"widget\" data-e-type=\"widget\" data-widget_type=\"text-editor.default\">\n\t\t\t\t<div class=\"elementor-widget-container\">\n\t\t\t\t\t\t\t\t\tRubean-Brosch\u00fcre\t\t\t\t\t\t\t\t<\/div>\n\t\t\t\t<\/div>\n\t\t\t\t<div class=\"elementor-element elementor-element-5a27f73 elementor-view-default elementor-widget elementor-widget-icon\" data-id=\"5a27f73\" data-element_type=\"widget\" data-e-type=\"widget\" data-widget_type=\"icon.default\">\n\t\t\t\t<div class=\"elementor-widget-container\">\n\t\t\t\t\t\t\t<div class=\"elementor-icon-wrapper\">\n\t\t\t<a class=\"elementor-icon\" href=\"https:\/\/rubean.com\/wp-content\/uploads\/2026\/01\/Rubean-Brochure_2025_12_18.pdf\" target=\"_blank\">\n\t\t\t<svg xmlns=\"http:\/\/www.w3.org\/2000\/svg\" id=\"Capa_2\" data-name=\"Capa 2\" viewbox=\"0 0 52 52\"><defs><style>      .cls-1 {        fill: none;        stroke: #169499;        stroke-linecap: round;        stroke-linejoin: round;        stroke-width: 2px;      }    <\/style><\/defs><g id=\"Capa_1-2\" data-name=\"Capa 1\"><path class=\"cls-1\" d=\"M51,34v11.33c0,1.5-.59,2.94-1.63,4.01-1.04,1.06-2.45,1.66-3.93,1.66H6.56c-1.47,0-2.89-.6-3.93-1.66-1.04-1.06-1.63-2.5-1.63-4.01v-11.33M12,21l14,13M26,34l14-13M26,34V1\"><\/path><\/g><\/svg>\t\t\t<\/a>\n\t\t<\/div>\n\t\t\t\t\t\t<\/div>\n\t\t\t\t<\/div>\n\t\t\t\t<\/div>\n\t\t\t\t<\/div>\n\t\t\t\t<\/div>\n\t\t<div class=\"elementor-element elementor-element-2c0745c e-con-full e-flex e-con e-child\" data-id=\"2c0745c\" data-element_type=\"container\" data-e-type=\"container\" data-settings=\"{&quot;background_background&quot;:&quot;classic&quot;}\">\n\t\t\t\t<div class=\"elementor-element elementor-element-9590ff7 elementor-widget elementor-widget-heading\" data-id=\"9590ff7\" data-element_type=\"widget\" data-e-type=\"widget\" data-widget_type=\"heading.default\">\n\t\t\t\t<div class=\"elementor-widget-container\">\n\t\t\t\t\t<h6 class=\"elementor-heading-title elementor-size-default\">F\u00fcr Investoren<\/h6>\t\t\t\t<\/div>\n\t\t\t\t<\/div>\n\t\t<div class=\"elementor-element elementor-element-30366da e-con-full e-flex e-con e-child\" data-id=\"30366da\" data-element_type=\"container\" data-e-type=\"container\">\n\t\t<div class=\"elementor-element elementor-element-4525cd6 e-con-full e-flex e-con e-child\" data-id=\"4525cd6\" data-element_type=\"container\" data-e-type=\"container\" data-settings=\"{&quot;background_background&quot;:&quot;classic&quot;}\">\n\t\t\t\t<div class=\"elementor-element elementor-element-bdcfc15 elementor-widget elementor-widget-text-editor\" data-id=\"bdcfc15\" data-element_type=\"widget\" data-e-type=\"widget\" data-widget_type=\"text-editor.default\">\n\t\t\t\t<div class=\"elementor-widget-container\">\n\t\t\t\t\t\t\t\t\t<p>Unternehmens\u00fcbersicht<\/p>\t\t\t\t\t\t\t\t<\/div>\n\t\t\t\t<\/div>\n\t\t\t\t<div class=\"elementor-element elementor-element-6960a81 elementor-view-default elementor-widget elementor-widget-icon\" data-id=\"6960a81\" data-element_type=\"widget\" data-e-type=\"widget\" data-widget_type=\"icon.default\">\n\t\t\t\t<div class=\"elementor-widget-container\">\n\t\t\t\t\t\t\t<div class=\"elementor-icon-wrapper\">\n\t\t\t<a class=\"elementor-icon\" href=\"https:\/\/rubean.com\/wp-content\/uploads\/2025\/07\/Rubean_Overview_2025_Q3.pdf\" target=\"_blank\">\n\t\t\t<svg xmlns=\"http:\/\/www.w3.org\/2000\/svg\" id=\"Capa_2\" data-name=\"Capa 2\" viewbox=\"0 0 52 52\"><defs><style>      .cls-1 {        fill: none;        stroke: #169499;        stroke-linecap: round;        stroke-linejoin: round;        stroke-width: 2px;      }    <\/style><\/defs><g id=\"Capa_1-2\" data-name=\"Capa 1\"><path class=\"cls-1\" d=\"M51,34v11.33c0,1.5-.59,2.94-1.63,4.01-1.04,1.06-2.45,1.66-3.93,1.66H6.56c-1.47,0-2.89-.6-3.93-1.66-1.04-1.06-1.63-2.5-1.63-4.01v-11.33M12,21l14,13M26,34l14-13M26,34V1\"><\/path><\/g><\/svg>\t\t\t<\/a>\n\t\t<\/div>\n\t\t\t\t\t\t<\/div>\n\t\t\t\t<\/div>\n\t\t\t\t<\/div>\n\t\t\t\t<\/div>\n\t\t\t\t<\/div>\n\t\t<div class=\"elementor-element elementor-element-da2db85 e-con-full e-flex e-con e-child\" data-id=\"da2db85\" data-element_type=\"container\" data-e-type=\"container\" data-settings=\"{&quot;background_background&quot;:&quot;classic&quot;}\">\n\t\t\t\t<div class=\"elementor-element elementor-element-bca7105 elementor-widget elementor-widget-heading\" data-id=\"bca7105\" data-element_type=\"widget\" data-e-type=\"widget\" data-widget_type=\"heading.default\">\n\t\t\t\t<div class=\"elementor-widget-container\">\n\t\t\t\t\t<h6 class=\"elementor-heading-title elementor-size-default\">Testen Sie die rubean App<\/h6>\t\t\t\t<\/div>\n\t\t\t\t<\/div>\n\t\t<div class=\"elementor-element elementor-element-303f1c6 e-con-full e-flex e-con e-child\" data-id=\"303f1c6\" data-element_type=\"container\" data-e-type=\"container\" data-settings=\"{&quot;background_background&quot;:&quot;classic&quot;}\">\n\t\t\t\t<div class=\"elementor-element elementor-element-c901229 elementor-widget elementor-widget-text-editor\" data-id=\"c901229\" data-element_type=\"widget\" data-e-type=\"widget\" data-widget_type=\"text-editor.default\">\n\t\t\t\t<div class=\"elementor-widget-container\">\n\t\t\t\t\t\t\t\t\t<p>Download rubean pay<\/p>\t\t\t\t\t\t\t\t<\/div>\n\t\t\t\t<\/div>\n\t\t\t\t<div class=\"elementor-element elementor-element-2baa15b elementor-view-default elementor-widget elementor-widget-icon\" data-id=\"2baa15b\" data-element_type=\"widget\" data-e-type=\"widget\" data-widget_type=\"icon.default\">\n\t\t\t\t<div class=\"elementor-widget-container\">\n\t\t\t\t\t\t\t<div class=\"elementor-icon-wrapper\">\n\t\t\t<a class=\"elementor-icon\" href=\"https:\/\/play.google.com\/store\/apps\/details?id=com.rubean.payapp&#038;hl=de&#038;pli=1\" target=\"_blank\">\n\t\t\t<svg xmlns=\"http:\/\/www.w3.org\/2000\/svg\" id=\"Capa_2\" data-name=\"Capa 2\" viewbox=\"0 0 52 52\"><defs><style>      .cls-1 {        fill: none;        stroke: #169499;        stroke-linecap: round;        stroke-linejoin: round;        stroke-width: 2px;      }    <\/style><\/defs><g id=\"Capa_1-2\" data-name=\"Capa 1\"><path class=\"cls-1\" d=\"M51,34v11.33c0,1.5-.59,2.94-1.63,4.01-1.04,1.06-2.45,1.66-3.93,1.66H6.56c-1.47,0-2.89-.6-3.93-1.66-1.04-1.06-1.63-2.5-1.63-4.01v-11.33M12,21l14,13M26,34l14-13M26,34V1\"><\/path><\/g><\/svg>\t\t\t<\/a>\n\t\t<\/div>\n\t\t\t\t\t\t<\/div>\n\t\t\t\t<\/div>\n\t\t\t\t<\/div>\n\t\t\t\t<\/div>\n\t\t\t\t<\/div>\n\t\t\t\t<\/div>\n\t\t\t\t\t<\/div>\n\t\t\t\t<\/div>\n\t\t\t\t<\/div>\n\t\t<\/div>\n\t\t\t\t\t\t<\/div>\n\t\t\t\t<\/div>\n\t\t\t\t<\/div>\n\t\t\t\t<\/div>","protected":false},"excerpt":{"rendered":"<p>Backup POS Backup POS In average, every business faces 240 minutes of payment outages yearly. We have the solution: Rubean Backup POS.Our solution works fully detached from the normal enterprise ECR system and also supports special sales like Queue Busting and Outdoor Sales Use existing or new handhelds with barcode scanner Always online with separate [&hellip;]<\/p>\n","protected":false},"author":6,"featured_media":0,"parent":0,"menu_order":0,"comment_status":"closed","ping_status":"closed","template":"elementor_header_footer","meta":{"footnotes":""},"class_list":["post-7072","page","type-page","status-publish","hentry"],"_links":{"self":[{"href":"https:\/\/rubean.com\/de\/wp-json\/wp\/v2\/pages\/7072","targetHints":{"allow":["GET"]}}],"collection":[{"href":"https:\/\/rubean.com\/de\/wp-json\/wp\/v2\/pages"}],"about":[{"href":"https:\/\/rubean.com\/de\/wp-json\/wp\/v2\/types\/page"}],"author":[{"embeddable":true,"href":"https:\/\/rubean.com\/de\/wp-json\/wp\/v2\/users\/6"}],"replies":[{"embeddable":true,"href":"https:\/\/rubean.com\/de\/wp-json\/wp\/v2\/comments?post=7072"}],"version-history":[{"count":10,"href":"https:\/\/rubean.com\/de\/wp-json\/wp\/v2\/pages\/7072\/revisions"}],"predecessor-version":[{"id":7717,"href":"https:\/\/rubean.com\/de\/wp-json\/wp\/v2\/pages\/7072\/revisions\/7717"}],"wp:attachment":[{"href":"https:\/\/rubean.com\/de\/wp-json\/wp\/v2\/media?parent=7072"}],"curies":[{"name":"wp","href":"https:\/\/api.w.org\/{rel}","templated":true}]}}